{"id":3040,"date":"2018-08-01T15:12:58","date_gmt":"2018-08-01T13:12:58","guid":{"rendered":"http:\/\/ragnarlogistics.com\/logistyka\/?page_id=3040"},"modified":"2023-10-06T11:49:40","modified_gmt":"2023-10-06T09:49:40","slug":"polityka-prywatnosci","status":"publish","type":"page","link":"https:\/\/ragnarlogistics.com\/ru\/polityka-prywatnosci\/","title":{"rendered":"Privacy policy"},"content":{"rendered":"\t\t<div data-elementor-type=\"wp-page\" data-elementor-id=\"3040\" class=\"elementor elementor-3040\">\n\t\t\t\t\t\t\t\t\t<section class=\" elementor-section elementor-top-section elementor-element elementor-element-5e652bf1 elementor-section-boxed elementor-section-height-default elementor-section-height-default\" data-id=\"5e652bf1\" data-element_type=\"section\">\r\n\t\t\t\t\t\t\t\t<div class=\"elementor-container elementor-column-gap-default\">\r\n\t\t\t\t\r\n\t\t\t\t\t\t\t\t<div class=\" elementor-column elementor-col-100 elementor-top-column elementor-element elementor-element-62bf2865 \" data-id=\"62bf2865\" data-element_type=\"column\">\r\n\r\n\t\t\t\t\r\n\t\t\t\t<div class=\"elementor-widget-wrap elementor-element-populated\">\r\n\t\t\t\t\t\t\t\t\t\t\r\n\t\t\t\t\t\t<div class=\"elementor-element elementor-element-64695129 elementor-widget elementor-widget-text-editor\" data-id=\"64695129\" data-element_type=\"widget\" data-widget_type=\"text-editor.default\">\n\t\t\t\t<div class=\"elementor-widget-container\">\n\t\t\t<style>\/*! elementor - v3.16.0 - 17-10-2023 *\/\n.elementor-widget-text-editor.elementor-drop-cap-view-stacked .elementor-drop-cap{background-color:#69727d;color:#fff}.elementor-widget-text-editor.elementor-drop-cap-view-framed .elementor-drop-cap{color:#69727d;border:3px solid;background-color:transparent}.elementor-widget-text-editor:not(.elementor-drop-cap-view-default) .elementor-drop-cap{margin-top:8px}.elementor-widget-text-editor:not(.elementor-drop-cap-view-default) .elementor-drop-cap-letter{width:1em;height:1em}.elementor-widget-text-editor .elementor-drop-cap{float:left;text-align:center;line-height:1;font-size:50px}.elementor-widget-text-editor .elementor-drop-cap-letter{display:inline-block}<\/style>\t\t\t\tPOLITYKA PRYWATNO\u015aCI\r\n\r\nMaj\u0105c na uwadze rozpocz\u0119cie obowi\u0105zywania przepis\u00f3w Rozporz\u0105dzenia Parlamentu Europejskiego i Rady Unii Europejskiej 2016\/679 z dnia 27 kwietnia 2016 r. w sprawie ochrony os\u00f3b fizycznych w zwi\u0105zku z przetwarzaniem danych osobowych i w sprawie swobodnego przep\u0142ywu takich danych oraz uchylenia dyrektywy 95\/46\/WE (dalej: \u201eRODO\u201d) a w szczeg\u00f3lno\u015bci art. 13 RODO, uprzejmie informujemy co nast\u0119puje:\r\n\r\nKLAUZULA (OBOWI\u0104ZEK) INFORMACYJNA\r\n\r\nAdministratorem Twoich danych osobowych jest RAGNAR Logistics Sp\u00f3\u0142ka z ograniczon\u0105 odpowiedzialno\u015bci\u0105 (dalej: my)\r\n\r\nMo\u017cesz si\u0119 z nami skontaktowa\u0107 w nast\u0119puj\u0105cy spos\u00f3b:\r\n\r\nlistownie na adres: RAGNAR Logistics Sp\u00f3\u0142ka z ograniczon\u0105 odpowiedzialno\u015bci\u0105, ul. B\u00f3r 182, 42-202 Cz\u0119stochowa\r\nprzez e-mail: biuro@ragnarlogistics.com\r\ntelefonicznie: +34\u00a0344 75 43\r\n\r\nINSPEKTOR OCHRONY DANYCH\r\n\r\nWyznaczyli\u015bmy inspektora ochrony danych. Jest to osoba, z kt\u00f3r\u0105 mo\u017cesz si\u0119 kontaktowa\u0107 w sprawach zwi\u0105zanych z pos\u0142ugiwaniem si\u0119 przez nas danymi osobowymi, kt\u00f3re nam udzielasz oraz korzystania z praw, kt\u00f3re w zwi\u0105zku z tym masz. Z inspektorem mo\u017cesz si\u0119 kontaktowa\u0107 w nast\u0119puj\u0105cy spos\u00f3b:\r\n\r\nlistownie na adres: RAGNAR Logistics Sp\u00f3\u0142ka z ograniczon\u0105 odpowiedzialno\u015bci\u0105, ul. B\u00f3r 182, 42-202 Cz\u0119stochowa\r\nprzez e-mail: biuro@ragnarlogistics.com\r\n\r\nCELE PRZETWARZANIA ORAZ PODSTAWA PRAWNA PRZETWARZANIA\r\n\r\nB\u0119dziemy pos\u0142ugiwa\u0107 si\u0119 Twoimi danymi osobowymi w celach zwi\u0105zanych ze wsp\u00f3\u0142prac\u0105 i komunikacj\u0105 pomi\u0119dzy nami a Tob\u0105. W razie takiej konieczno\u015bci dane mog\u0105 by\u0107 udost\u0119pniane &#8211; przekazane wy\u0142\u0105cznie firmom wsp\u00f3\u0142pracuj\u0105cym z nami w celu realizowania wsp\u00f3\u0142pracy i komunikacji z Tob\u0105.\r\n\r\nOKRES PRZECHOWYWANIA DANYCH OSOBOWYCH\r\n\r\nB\u0119dziemy przechowywa\u0107 Twoje dane osobowe do momentu zrealizowania praw i obowi\u0105zk\u00f3w wynikaj\u0105cych z zawartych z Tob\u0105 um\u00f3w.\r\n\r\nODBIORCY DANYCH\r\n\r\nB\u0119dziemy przekazywa\u0107 Twoje dane osobowe naszym dostawcom, kt\u00f3rym zlecimy us\u0142ugi zwi\u0105zane z przetwarzaniem danych osobowych, np. dostawcom us\u0142ug IT; firmom z kt\u00f3rymi wsp\u00f3\u0142pracujemy w dzia\u0142alno\u015bci transportowej, logistycznej, spedycyjnej, ubezpieczeniowej, finansowej, obs\u0142ugi newslettera; strony www; sprzeda\u017cy naszych produkt\u00f3w; oferowania naszych us\u0142ug; komunikowania si\u0119 z Tob\u0105; aby nasza us\u0142uga by\u0142a kompletna i na najwy\u017cszym poziomie etc.\r\n\r\nTacy odbiorcy pos\u0142uguj\u0105 si\u0119 Twoimi danymi tylko zgodnie z naszymi poleceniami dlatego, \u017ce maj\u0105 z nami zawarte umowy.\r\n\r\nTWOJE PRAWA ZWI\u0104ZANE Z PRZETWARZANIEM DANYCH OSOBOWYCH I PODEJMOWANIEM ZAUTOMATYZOWANYCH DECYZJI\r\n\r\nDlatego, \u017ce pos\u0142ugujemy si\u0119 Twoimi danymi osobowymi masz:\r\n\r\na) prawo wycofania zgody na przetwarzanie danych,\r\nb) prawo dost\u0119pu do Twoich danych osobowych,\r\nc) prawo \u017c\u0105dania sprostowania Twoich danych osobowych,\r\nd) prawo \u017c\u0105dania usuni\u0119cia Twoich danych osobowych,\r\ne) prawo \u017c\u0105dania ograniczenia przetwarzania Twoich danych osobowych,\r\nf) prawo wyra\u017cenia sprzeciwu wobec przetwarzania Twoich danych ze wzgl\u0119du na Twoj\u0105 szczeg\u00f3ln\u0105 sytuacj\u0119 \u2013 w przypadkach,\r\nkiedy pos\u0142ugujemy si\u0119 Twoimi danymi na podstawie naszego prawnie uzasadnionego interesu,\r\ng) prawo do przenoszenia Twoich danych osobowych, tj. prawo otrzymania od nas Twoich danych osobowych, w ustrukturyzowanym, powszechnie u\u017cywanym formacie informatycznym nadaj\u0105cym si\u0119 do odczytu maszynowego. Mo\u017cesz przes\u0142a\u0107 te dane innemu administratorowi danych lub za\u017c\u0105da\u0107, aby\u015bmy przes\u0142ali Twoje dane do innego administratora. Jednak\u017ce zrobimy to tylko je\u015bli takie przes\u0142anie jest technicznie mo\u017cliwe. Prawo do przenoszenia danych osobowych przys\u0142uguje Ci tylko co do tych danych, kt\u00f3re przetwarzamy na podstawie umowy z Tob\u0105 lub na podstawie Twojej zgody.\r\nAby skorzysta\u0107 z powy\u017cszych praw, skontaktuj si\u0119 z nami lub z naszym inspektorem ochrony danych.\r\n\r\nMasz prawo wycofania zgody\r\n\r\nW ka\u017cdej chwili przys\u0142uguje Ci prawo do wycofania zgody na pos\u0142ugiwanie si\u0119 przez nas Twoimi danymi osobowymi. Jednak cofni\u0119cie zgody nie b\u0119dzie wp\u0142ywa\u0107 na to, \u017ce mogli\u015bmy pos\u0142ugiwa\u0107 si\u0119 Twoimi danymi osobowymi przez ca\u0142y okres obowi\u0105zywania zgody tj. na zgodno\u015b\u0107 z prawem przetwarzania, kt\u00f3rego dokonano na podstawie Twojej zgody przed jej wycofaniem.\r\n\r\nMasz prawo wniesienia skargi do organu\r\n\r\nPrzys\u0142uguje Ci tak\u017ce prawo wniesienia skargi do organu nadzorczego zajmuj\u0105cego si\u0119 ochron\u0105 danych osobowych, tj. Prezesa Urz\u0119du Ochrony Danych Osobowych.\r\n\r\nZapewniamy, \u017ce dok\u0142adamy wszelkich stara\u0144, aby zapewni\u0107 \u015brodki fizycznej, technicznej i organizacyjnej ochrony danych osobowych przed ich przypadkowym czy umy\u015blnym zniszczeniem, przypadkow\u0105 utrat\u0105, zmian\u0105, nieuprawnionym ujawnieniem, wykorzystaniem czy dost\u0119pem, zgodnie ze wszystkimi obowi\u0105zuj\u0105cymi przepisami.\t\t\t\t\t\t<\/div>\n\t\t\t\t<\/div>\n\t\t\t\t\t\t<\/div>\r\n\t\t\t\t<\/div>\r\n\t\t\t\t\t\t\t\t<\/div>\r\n\t\t\t<\/section>\r\n\t\t\t\t\t\t\t\t<\/div>\n\t\t","protected":false},"excerpt":{"rendered":"<p>POLITYKA PRYWATNO\u015aCI Maj\u0105c na uwadze rozpocz\u0119cie obowi\u0105zywania przepis\u00f3w Rozporz\u0105dzenia Parlamentu Europejskiego i Rady Unii Europejskiej 2016\/679 z dnia 27 kwietnia 2016 r. w sprawie ochrony os\u00f3b fizycznych w zwi\u0105zku z przetwarzaniem danych osobowych i w sprawie swobodnego przep\u0142ywu takich danych oraz uchylenia dyrektywy 95\/46\/WE (dalej: \u201eRODO\u201d) a w szczeg\u00f3lno\u015bci art. 13 RODO, uprzejmie informujemy co [&hellip;]<\/p>\n","protected":false},"author":3,"featured_media":0,"parent":0,"menu_order":0,"comment_status":"closed","ping_status":"closed","template":"","meta":{"_mi_skip_tracking":false,"_monsterinsights_sitenote_active":false,"_monsterinsights_sitenote_note":"","_monsterinsights_sitenote_category":0,"footnotes":""},"translation":{"provider":"WPGlobus","version":"2.12.2","language":"ru","enabled_languages":["pl","en","de","fr","it","es","ru"],"languages":{"pl":{"title":true,"content":true,"excerpt":false},"en":{"title":true,"content":false,"excerpt":false},"de":{"title":true,"content":false,"excerpt":false},"fr":{"title":true,"content":false,"excerpt":false},"it":{"title":true,"content":false,"excerpt":false},"es":{"title":true,"content":false,"excerpt":false},"ru":{"title":true,"content":false,"excerpt":false}}},"_links":{"self":[{"href":"https:\/\/ragnarlogistics.com\/ru\/wp-json\/wp\/v2\/pages\/3040"}],"collection":[{"href":"https:\/\/ragnarlogistics.com\/ru\/wp-json\/wp\/v2\/pages"}],"about":[{"href":"https:\/\/ragnarlogistics.com\/ru\/wp-json\/wp\/v2\/types\/page"}],"author":[{"embeddable":true,"href":"https:\/\/ragnarlogistics.com\/ru\/wp-json\/wp\/v2\/users\/3"}],"replies":[{"embeddable":true,"href":"https:\/\/ragnarlogistics.com\/ru\/wp-json\/wp\/v2\/comments?post=3040"}],"version-history":[{"count":5,"href":"https:\/\/ragnarlogistics.com\/ru\/wp-json\/wp\/v2\/pages\/3040\/revisions"}],"predecessor-version":[{"id":4394,"href":"https:\/\/ragnarlogistics.com\/ru\/wp-json\/wp\/v2\/pages\/3040\/revisions\/4394"}],"wp:attachment":[{"href":"https:\/\/ragnarlogistics.com\/ru\/wp-json\/wp\/v2\/media?parent=3040"}],"curies":[{"name":"wp","href":"https:\/\/api.w.org\/{rel}","templated":true}]}}