{"id":1725,"date":"2016-11-23T03:24:56","date_gmt":"2016-11-23T03:24:56","guid":{"rendered":"http:\/\/wp.solazu.net\/transera\/?page_id=1725"},"modified":"2018-09-11T14:50:03","modified_gmt":"2018-09-11T12:50:03","slug":"dla-klienta","status":"publish","type":"page","link":"https:\/\/ragnarlogistics.com\/es\/dla-klienta\/","title":{"rendered":"PARA EL CLIENTE"},"content":{"rendered":"<p>[vc_row css=&#8221;.vc_custom_1479869248556{padding-top: 65px !important;padding-bottom: 100px !important;}&#8221;][vc_column]<div class=\"slz-shortcode sc_main_title main-title-74882942669f084dec20a2   style-2  text-c \">\n\t<div class=\"slz-main-title\">\n\t\t<img width=\"20\" height=\"18\" src=\"https:\/\/ragnarlogistics.com\/wp-content\/uploads\/2016\/10\/main-title-icon.png\" class=\"attachment-full size-full\" alt=\"\" decoding=\"async\" \/>\t\t\t\t\t\t\t<h2 class=\"title\">NUESTRA OFERTA\t\t\t\t\t\t<\/h2>\n\t\t\t\t\n\t<\/div>\n<\/div>\n\nPlease Active Visual Composer[vc_empty_space height=&#8221;20px&#8221;]Please Active Visual Composer[\/vc_column][\/vc_row][vc_row full_width=&#8221;stretch_row&#8221; css=&#8221;.vc_custom_1532499824056{padding-top: 65px !important;padding-bottom: 100px !important;background: #0a1c27 url(http:\/\/ragnarlogistics.com\/wp-content\/uploads\/2016\/11\/home3-bg.jpg?id=1836) !important;background-position: center !important;background-repeat: no-repeat !important;background-size: cover !important;}&#8221;][vc_column width=&#8221;1\/4&#8243;]Please Active Visual Composer[\/vc_column][vc_column width=&#8221;1\/4&#8243;]Please Active Visual Composer[\/vc_column][vc_column width=&#8221;1\/4&#8243;]Please Active Visual Composer[\/vc_column][vc_column width=&#8221;1\/4&#8243;]Please Active Visual Composer[\/vc_column][\/vc_row][vc_row css=&#8221;.vc_custom_1479870517984{padding-top: 65px !important;padding-bottom: 100px !important;}&#8221;][vc_column]<div class=\"slz-shortcode sc_main_title main-title-214089376669f084dec286c   style-2  text-c \">\n\t<div class=\"slz-main-title\">\n\t\t<img width=\"20\" height=\"18\" src=\"https:\/\/ragnarlogistics.com\/wp-content\/uploads\/2016\/10\/main-title-icon.png\" class=\"attachment-full size-full\" alt=\"\" decoding=\"async\" \/>\t\t\t\t\t\t\t<h2 class=\"title\">MERCADO\t\t\t\t\t\t<\/h2>\n\t\t\t\t\n\t<\/div>\n<\/div>\n\nPlease Active Visual Composer[vc_empty_space height=&#8221;40px&#8221;]Please Active Visual Composer[\/vc_column][\/vc_row][vc_row full_width=&#8221;stretch_row&#8221; css=&#8221;.vc_custom_1517825478189{padding-top: 30px !important;padding-bottom: 40px !important;background-color: #fbfbfb !important;}&#8221;][vc_column][vc_custom_heading text=&#8221;TRANSPORTE INTERNACIONAL<br \/>\n&#8221; font_container=&#8221;tag:p|font_size:24px|text_align:left|color:%2318364a&#8221; google_fonts=&#8221;font_family:Roboto%3A100%2C100italic%2C300%2C300italic%2Cregular%2Citalic%2C500%2C500italic%2C700%2C700italic%2C900%2C900italic|font_style:700%20bold%20regular%3A700%3Anormal&#8221;][vc_column_text]<\/p>\n<div class=\"page\" title=\"Page 2\">\n<div class=\"layoutArea\">\n<div class=\"column\">\n<p>Ofrecemos transporte de mercanc\u00edas en toda Europa. Manejamos los productos y los protegemos adecuadamente durante el transporte. Tenemos un seguro de carga transportada a\/desde cualquier parte del mundo. Nuestra flota consiste en veh\u00edculos que cumplen con las normas de emisi\u00f3n EURO5\/EURO6. Todos nuestros veh\u00edculos est\u00e1n equipados con un sistema de rastreo por GPS que permite el rastreo constante de veh\u00edculos y mercanc\u00edas.<\/p>\n<\/div>\n<\/div>\n<\/div>\n<p>[\/vc_column_text][vc_empty_space][vc_custom_heading text=&#8221;EXPEDICI\u00d3N INTERNACIONAL<br \/>\n&#8221; font_container=&#8221;tag:p|font_size:24px|text_align:left|color:%2318364a&#8221; google_fonts=&#8221;font_family:Roboto%3A100%2C100italic%2C300%2C300italic%2Cregular%2Citalic%2C500%2C500italic%2C700%2C700italic%2C900%2C900italic|font_style:700%20bold%20regular%3A700%3Anormal&#8221;][vc_column_text]<\/p>\n<div class=\"page\" title=\"Page 2\">\n<div class=\"layoutArea\">\n<div class=\"column\">\n<p>Tenemos varios a\u00f1os de experiencia en intermediaci\u00f3n de contratos para el transporte. Organizamos el transporte en toda Europa. Ayudamos a elegir el medio de transporte \u00f3ptimo.<\/p>\n<\/div>\n<\/div>\n<\/div>\n<p>[\/vc_column_text][vc_empty_space][vc_custom_heading text=&#8221;MERCANC\u00cdAS PELIGROSAS ADR<br \/>\n&#8221; font_container=&#8221;tag:p|font_size:24px|text_align:left|color:%2318364a&#8221; google_fonts=&#8221;font_family:Roboto%3A100%2C100italic%2C300%2C300italic%2Cregular%2Citalic%2C500%2C500italic%2C700%2C700italic%2C900%2C900italic|font_style:700%20bold%20regular%3A700%3Anormal&#8221;][vc_column_text]Gracias a los veh\u00edculos especialmente equipados que cumplen con todos los est\u00e1ndares de seguridad, ofrecemos transporte de mercanc\u00edas peligrosas de acuerdo con la convenci\u00f3n <strong>ADR<\/strong>.[\/vc_column_text][vc_empty_space][vc_custom_heading text=&#8221;TRANSPORTE EN TEMPERATURA CONTROLADA<br \/>\n&#8221; font_container=&#8221;tag:p|font_size:24px|text_align:left|color:%2318364a&#8221; google_fonts=&#8221;font_family:Roboto%3A100%2C100italic%2C300%2C300italic%2Cregular%2Citalic%2C500%2C500italic%2C700%2C700italic%2C900%2C900italic|font_style:700%20bold%20regular%3A700%3Anormal&#8221;][vc_column_text]Ofrecemos transporte de productos que requieren atenci\u00f3n especial en cada etapa de la entrega. Veh\u00edculos modernos e higi\u00e9nicos con diferentes capacidades de carga est\u00e1n a su disposici\u00f3n, independientemente del tipo de producto o fecha. Garantizamos los m\u00e1s altos est\u00e1ndares de seguridad y almacenamiento.[\/vc_column_text][vc_empty_space][\/vc_column][\/vc_row][vc_row full_width=&#8221;stretch_row_content_no_spaces&#8221; equal_height=&#8221;yes&#8221; css=&#8221;.vc_custom_1517824071420{margin-top: 80px !important;margin-bottom: 80px !important;}&#8221;][vc_column width=&#8221;1\/6&#8243;][\/vc_column][vc_column width=&#8221;2\/3&#8243;]<div class=\"slz-shortcode sc_main_title main-title-108083744269f084dec2aa9   style-2  text-c \">\n\t<div class=\"slz-main-title\">\n\t\t<img width=\"20\" height=\"18\" src=\"https:\/\/ragnarlogistics.com\/wp-content\/uploads\/2016\/10\/main-title-icon.png\" class=\"attachment-full size-full\" alt=\"\" decoding=\"async\" \/>\t\t\t\t\t\t\t<h2 class=\"title\">FORMULARIO DE CONTACTO \t\t\t\t\t\t<\/h2>\n\t\t\t\t\n\t<\/div>\n<\/div>\n\n\n<div class=\"wpcf7 no-js\" id=\"wpcf7-f3221-o1\" lang=\"en-US\" dir=\"ltr\">\n<div class=\"screen-reader-response\"><p role=\"status\" aria-live=\"polite\" aria-atomic=\"true\"><\/p> <ul><\/ul><\/div>\n<form action=\"\/es\/wp-json\/wp\/v2\/pages\/1725#wpcf7-f3221-o1\" method=\"post\" class=\"wpcf7-form init\" aria-label=\"Contact form\" novalidate=\"novalidate\" data-status=\"init\">\n<div style=\"display: none;\">\n<input type=\"hidden\" name=\"_wpcf7\" value=\"3221\" \/>\n<input type=\"hidden\" name=\"_wpcf7_version\" value=\"5.7.7\" \/>\n<input type=\"hidden\" name=\"_wpcf7_locale\" value=\"en_US\" \/>\n<input type=\"hidden\" name=\"_wpcf7_unit_tag\" value=\"wpcf7-f3221-o1\" \/>\n<input type=\"hidden\" name=\"_wpcf7_container_post\" value=\"0\" \/>\n<input type=\"hidden\" name=\"_wpcf7_posted_data_hash\" value=\"\" \/>\n<\/div>\n<div class=\"cf7-form-control left\">\n\t<p><span class=\"wpcf7-form-control-wrap\" data-name=\"your-name\"><input size=\"40\" class=\"wpcf7-form-control wpcf7-text wpcf7-validates-as-required\" aria-required=\"true\" aria-invalid=\"false\" placeholder=\"Imi\u0119 i nazwisko\" value=\"\" type=\"text\" name=\"your-name\" \/><\/span><i class=\"fa fa-user\" aria-hidden=\"true\"><\/i>\n\t<\/p>\n<\/div>\n<div class=\"cf7-form-control right\">\n\t<p><span class=\"wpcf7-form-control-wrap\" data-name=\"your-email\"><input size=\"40\" class=\"wpcf7-form-control wpcf7-text wpcf7-email wpcf7-validates-as-required wpcf7-validates-as-email\" aria-required=\"true\" aria-invalid=\"false\" placeholder=\"E-mail\" value=\"\" type=\"email\" name=\"your-email\" \/><\/span><i class=\"fa fa-envelope\" aria-hidden=\"true\"><\/i>\n\t<\/p>\n<\/div>\n<div class=\"cf7-form-control\">\n\t<p><span class=\"wpcf7-form-control-wrap\" data-name=\"your-subject\"><input size=\"40\" class=\"wpcf7-form-control wpcf7-text\" aria-invalid=\"false\" placeholder=\"Temat wiadomo\u015bci\" value=\"\" type=\"text\" name=\"your-subject\" \/><\/span><i class=\"fa fa-bookmark\" aria-hidden=\"true\"><\/i>\n\t<\/p>\n<\/div>\n<div class=\"cf7-form-control textarea\">\n\t<p><span class=\"wpcf7-form-control-wrap\" data-name=\"your-message\"><textarea cols=\"40\" rows=\"10\" class=\"wpcf7-form-control wpcf7-textarea\" aria-invalid=\"false\" placeholder=\"Wiadomo\u015b\u0107\" name=\"your-message\"><\/textarea><\/span><i class=\"fa fa-file\" aria-hidden=\"true\"><\/i>\n\t<\/p>\n<\/div>\n<div class=\"cf7-btn-submit-wrapper\">\n\t<div class=\"cf7-btn-submit\">\n\t\t<p><button class=\"wpcf7-form-control wpcf7-submit\" type=\"submit\" value=\"wy\u015blij\">wy\u015blij<\/button>\n\t\t<\/p>\n\t<\/div>\n<\/div><div class=\"wpcf7-response-output\" aria-hidden=\"true\"><\/div>\n<\/form>\n<\/div>\n[\/vc_column][vc_column width=&#8221;1\/6&#8243;][\/vc_column][\/vc_row]<\/p>\n","protected":false},"excerpt":{"rendered":"<p>[vc_row css=&#8221;.vc_custom_1479869248556{padding-top: 65px !important;padding-bottom: 100px !important;}&#8221;][vc_column][vc_empty_space height=&#8221;20px&#8221;][\/vc_column][\/vc_row][vc_row full_width=&#8221;stretch_row&#8221; css=&#8221;.vc_custom_1532499824056{padding-top: 65px !important;padding-bottom: 100px !important;background: #0a1c27 url(http:\/\/ragnarlogistics.com\/wp-content\/uploads\/2016\/11\/home3-bg.jpg?id=1836) !important;background-position: center !important;background-repeat: no-repeat !important;background-size: cover !important;}&#8221;][vc_column width=&#8221;1\/4&#8243;][\/vc_column][vc_column width=&#8221;1\/4&#8243;][\/vc_column][vc_column width=&#8221;1\/4&#8243;][\/vc_column][vc_column width=&#8221;1\/4&#8243;][\/vc_column][\/vc_row][vc_row css=&#8221;.vc_custom_1479870517984{padding-top: 65px !important;padding-bottom: 100px !important;}&#8221;][vc_column][vc_empty_space height=&#8221;40px&#8221;][\/vc_column][\/vc_row][vc_row full_width=&#8221;stretch_row&#8221; css=&#8221;.vc_custom_1517825478189{padding-top: 30px !important;padding-bottom: 40px !important;background-color: #fbfbfb !important;}&#8221;][vc_column][vc_custom_heading text=&#8221;TRANSPORTE INTERNACIONAL &#8221; font_container=&#8221;tag:p|font_size:24px|text_align:left|color:%2318364a&#8221; google_fonts=&#8221;font_family:Roboto%3A100%2C100italic%2C300%2C300italic%2Cregular%2Citalic%2C500%2C500italic%2C700%2C700italic%2C900%2C900italic|font_style:700%20bold%20regular%3A700%3Anormal&#8221;][vc_column_text] Ofrecemos transporte de mercanc\u00edas en toda Europa. Manejamos los productos [&hellip;]<\/p>\n","protected":false},"author":3,"featured_media":0,"parent":0,"menu_order":0,"comment_status":"closed","ping_status":"closed","template":"","meta":{"_mi_skip_tracking":false,"_monsterinsights_sitenote_active":false,"_monsterinsights_sitenote_note":"","_monsterinsights_sitenote_category":0,"footnotes":""},"translation":{"provider":"WPGlobus","version":"2.12.2","language":"es","enabled_languages":["pl","en","de","fr","it","es","ru"],"languages":{"pl":{"title":true,"content":true,"excerpt":false},"en":{"title":true,"content":true,"excerpt":false},"de":{"title":true,"content":true,"excerpt":false},"fr":{"title":true,"content":true,"excerpt":false},"it":{"title":true,"content":true,"excerpt":false},"es":{"title":true,"content":true,"excerpt":false},"ru":{"title":true,"content":true,"excerpt":false}}},"_links":{"self":[{"href":"https:\/\/ragnarlogistics.com\/es\/wp-json\/wp\/v2\/pages\/1725"}],"collection":[{"href":"https:\/\/ragnarlogistics.com\/es\/wp-json\/wp\/v2\/pages"}],"about":[{"href":"https:\/\/ragnarlogistics.com\/es\/wp-json\/wp\/v2\/types\/page"}],"author":[{"embeddable":true,"href":"https:\/\/ragnarlogistics.com\/es\/wp-json\/wp\/v2\/users\/3"}],"replies":[{"embeddable":true,"href":"https:\/\/ragnarlogistics.com\/es\/wp-json\/wp\/v2\/comments?post=1725"}],"version-history":[{"count":88,"href":"https:\/\/ragnarlogistics.com\/es\/wp-json\/wp\/v2\/pages\/1725\/revisions"}],"predecessor-version":[{"id":4689,"href":"https:\/\/ragnarlogistics.com\/es\/wp-json\/wp\/v2\/pages\/1725\/revisions\/4689"}],"wp:attachment":[{"href":"https:\/\/ragnarlogistics.com\/es\/wp-json\/wp\/v2\/media?parent=1725"}],"curies":[{"name":"wp","href":"https:\/\/api.w.org\/{rel}","templated":true}]}}